{"id":518,"date":"2023-05-05T10:20:35","date_gmt":"2023-05-05T10:20:35","guid":{"rendered":"https:\/\/grupogea.unex.es\/?page_id=518"},"modified":"2025-03-06T08:25:40","modified_gmt":"2025-03-06T08:25:40","slug":"colaboraciones","status":"publish","type":"page","link":"https:\/\/grupogea.unex.es\/index.php\/colaboraciones\/","title":{"rendered":"Colaboraciones"},"content":{"rendered":"\n<p>En m\u00e1s de 20 a\u00f1os de trabajo, el grupo GEA ha colaborado en l\u00edneas, proyectos de investigaci\u00f3n, organizaci\u00f3n de congreso y publicaciones conjuntas, con las siguientes Universidades y entidades:<\/p>\n\n\n\n<p><\/p>\n\n\n\n<ul class=\"wp-block-list\">\n<li><a href=\"http:\/\/garage.cse.msu.edu\/papers\/98-00.html\">Michigan State University, USA.<\/a><\/li>\n\n\n\n<li>University of California in San Diego, USA.<\/li>\n\n\n\n<li><a href=\"https:\/\/boincsynergy.ca\/wiki\/index.php\/BOINC_projects\">University of California in Berkeley, USA.<\/a><\/li>\n\n\n\n<li><a href=\"http:\/\/indico.cern.ch\/conferenceDisplay.py?confId=a063584\">CERN, Suiza.<\/a><\/li>\n\n\n\n<li>University of Lausanne, Suiza,<\/li>\n\n\n\n<li>Centro de Investigaci\u00f3n Cient\u00edfica y Educaci\u00f3n Superior de Ensenada, M\u00e9xico.<\/li>\n\n\n\n<li>Universidad de M\u00e1laga.<\/li>\n\n\n\n<li>Universidad de Granada,<\/li>\n\n\n\n<li>Universidad Complutense de Madrid.<\/li>\n\n\n\n<li>Universidad Aut\u00f3noma de Madrid.<\/li>\n\n\n\n<li>Universidad del Pa\u00eds Vasco.<\/li>\n\n\n\n<li>Universidad Polit\u00e9cnica de Valencia.<\/li>\n\n\n\n<li>Universidad de Sevilla.<\/li>\n\n\n\n<li><a href=\"https:\/\/www.hevs.ch\/en\" data-type=\"link\" data-id=\"https:\/\/www.hevs.ch\/en\">University of Applied Sciences Western Switzerland (HES-SO)<\/a><\/li>\n\n\n\n<li><a href=\"https:\/\/www.aicommunications.eu\/editorial-board\">European Association for Artificial Intelligence.<\/a><\/li>\n\n\n\n<li>ACM GECCO.<\/li>\n\n\n\n<li>IEEE CEC.<\/li>\n\n\n\n<li><a href=\"https:\/\/www.evostar.org\/2020\/organizers\/\">SIEGEVO EVOSTAR:  Evostar 2020 &#8211; Sevilla.<\/a><\/li>\n\n\n\n<li><a href=\"https:\/\/www.eweb.unex.es\/eweb\/maeb2015\/\">MAEB:  Congreso inaugural 2002 y X MAEB 2015 &#8211; M\u00e9rida.<\/a><\/li>\n\n\n\n<li>SEIB:  Congreso SEIB 2003, M\u00e9rida.<\/li>\n\n\n\n<li>CICYTEX. Centro de Investigaciones Cient\u00edficas y Tecnol\u00f3gicas de Extremadura.<\/li>\n<\/ul>\n\n\n\n<p><\/p>\n","protected":false},"excerpt":{"rendered":"<p>En m\u00e1s de 20 a\u00f1os de trabajo, el grupo GEA ha colaborado en l\u00edneas, proyectos de investigaci\u00f3n, organizaci\u00f3n de congreso y publicaciones conjuntas, con las siguientes Universidades y entidades:<\/p>\n","protected":false},"author":1,"featured_media":0,"parent":0,"menu_order":3,"comment_status":"closed","ping_status":"closed","template":"","meta":{"footnotes":""},"class_list":["post-518","page","type-page","status-publish","hentry"],"_links":{"self":[{"href":"https:\/\/grupogea.unex.es\/index.php\/wp-json\/wp\/v2\/pages\/518","targetHints":{"allow":["GET"]}}],"collection":[{"href":"https:\/\/grupogea.unex.es\/index.php\/wp-json\/wp\/v2\/pages"}],"about":[{"href":"https:\/\/grupogea.unex.es\/index.php\/wp-json\/wp\/v2\/types\/page"}],"author":[{"embeddable":true,"href":"https:\/\/grupogea.unex.es\/index.php\/wp-json\/wp\/v2\/users\/1"}],"replies":[{"embeddable":true,"href":"https:\/\/grupogea.unex.es\/index.php\/wp-json\/wp\/v2\/comments?post=518"}],"version-history":[{"count":0,"href":"https:\/\/grupogea.unex.es\/index.php\/wp-json\/wp\/v2\/pages\/518\/revisions"}],"wp:attachment":[{"href":"https:\/\/grupogea.unex.es\/index.php\/wp-json\/wp\/v2\/media?parent=518"}],"curies":[{"name":"wp","href":"https:\/\/api.w.org\/{rel}","templated":true}]}}