{"id":10,"date":"2021-07-29T07:56:04","date_gmt":"2021-07-29T07:56:04","guid":{"rendered":"https:\/\/grupogea.unex.es\/Brindis\/wordpress\/?page_id=10"},"modified":"2023-09-10T10:47:50","modified_gmt":"2023-09-10T10:47:50","slug":"un-brindis-por-la-ciencia","status":"publish","type":"page","link":"https:\/\/grupogea.unex.es\/Brindis\/wordpress\/","title":{"rendered":"UN BRINDIS POR LA CIENCIA"},"content":{"rendered":"\n<h2 class=\"wp-block-heading alignwide has-text-align-center has-text-align-wide has-huge-font-size\" style=\"line-height:1.1\"><br><a href=\"http:\/\/www.uexfundacion.es\/jovenescientificos\/wp-content\/uploads\/2020\/01\/FICHA-BRINDIS-POR-LA-CIENCIA.jpg\"><\/a><\/h2>\n\n\n\n<figure class=\"wp-block-image size-full is-resized is-style-default\"><img loading=\"lazy\" decoding=\"async\" src=\"https:\/\/grupogea.unex.es\/Brindis\/wordpress\/wp-content\/uploads\/2021\/08\/Un-brindis-por-la-ciencia-logo-final.png\" alt=\"\" class=\"wp-image-30\" style=\"width:298px;height:341px\" width=\"298\" height=\"341\" srcset=\"https:\/\/grupogea.unex.es\/Brindis\/wordpress\/wp-content\/uploads\/2021\/08\/Un-brindis-por-la-ciencia-logo-final.png 714w, https:\/\/grupogea.unex.es\/Brindis\/wordpress\/wp-content\/uploads\/2021\/08\/Un-brindis-por-la-ciencia-logo-final-263x300.png 263w\" sizes=\"auto, (max-width: 298px) 100vw, 298px\" \/><\/figure>\n\n\n\n<figure class=\"wp-block-video\"><video height=\"1080\" style=\"aspect-ratio: 1920 \/ 1080;\" width=\"1920\" autoplay controls loop muted poster=\"https:\/\/grupogea.unex.es\/Brindis\/wordpress\/wp-content\/uploads\/2021\/08\/Diseno-sin-titulo-49-modified.png\" src=\"https:\/\/grupogea.unex.es\/Brindis\/wordpress\/wp-content\/uploads\/2021\/10\/Vino-Musica-y-Ciencia.mp4\" playsinline><\/video><\/figure>\n\n\n\n<p style=\"font-size:16px\"><a href=\"https:\/\/es.wikipedia.org\/wiki\/Museo_de_Historia_y_Cultura_%22Casa_Pedrilla%22\">Casa Museo La Pedrilla<\/a> &#8211; C\u00e1ceres.  M\u00fasica interpretada por <a href=\"https:\/\/grupogea.unex.es\/BigBandProjex\/\">Big Band ProjEx<\/a><\/p>\n\n\n\n<p class=\"has-green-color has-text-color\" style=\"font-size:39px\"><strong>\u00bfQu\u00e9 es un brindis por la ciencia? <\/strong> <\/p>\n\n\n\n<p>\u00bfUn concierto de <strong>jazz<\/strong> con una copa de <strong>vino<\/strong>?<\/p>\n\n\n\n<p>\u00bfUna <strong>cata de vinos<\/strong> y cava amenizada con <strong>jazz<\/strong>?<\/p>\n\n\n\n<p>\u00bf<strong>Mon\u00f3logos y pruebas-concursos cient\u00edficas<\/strong> con <strong>jazz<\/strong> en directo? <\/p>\n\n\n\n<p><\/p>\n\n\n\n<p class=\"has-red-color has-text-color\"><strong>Todo eso y m\u00e1s:<\/strong>  Dos horas con Jazz en Directo, Taller de Cata de los mejores vinos y mostos de la Denominaci\u00f3n de Origen, y Experimentos, concursos y mon\u00f3logos cient\u00edficos, para el p\u00fablico hacen del Brindis por la Ciencia un evento \u00fanico.<\/p>\n\n\n\n<p class=\"has-red-color has-text-color\"><\/p>\n\n\n\n<div class=\"wp-block-columns alignwide are-vertically-aligned-center is-style-twentytwentyone-columns-overlap is-layout-flex wp-container-core-columns-is-layout-9d6595d7 wp-block-columns-is-layout-flex\">\n<div class=\"wp-block-column is-vertically-aligned-center is-layout-flow wp-block-column-is-layout-flow\">\n<figure class=\"wp-block-image alignfull size-large is-style-rounded\"><img loading=\"lazy\" decoding=\"async\" width=\"683\" height=\"1024\" src=\"https:\/\/grupogea.unex.es\/Brindis\/wordpress\/wp-content\/uploads\/2021\/08\/DSC04370-683x1024.jpg\" alt=\"\" class=\"wp-image-42\" srcset=\"https:\/\/grupogea.unex.es\/Brindis\/wordpress\/wp-content\/uploads\/2021\/08\/DSC04370-683x1024.jpg 683w, https:\/\/grupogea.unex.es\/Brindis\/wordpress\/wp-content\/uploads\/2021\/08\/DSC04370-200x300.jpg 200w, https:\/\/grupogea.unex.es\/Brindis\/wordpress\/wp-content\/uploads\/2021\/08\/DSC04370-768x1152.jpg 768w, https:\/\/grupogea.unex.es\/Brindis\/wordpress\/wp-content\/uploads\/2021\/08\/DSC04370-1024x1536.jpg 1024w, https:\/\/grupogea.unex.es\/Brindis\/wordpress\/wp-content\/uploads\/2021\/08\/DSC04370-1365x2048.jpg 1365w, https:\/\/grupogea.unex.es\/Brindis\/wordpress\/wp-content\/uploads\/2021\/08\/DSC04370-1568x2352.jpg 1568w, https:\/\/grupogea.unex.es\/Brindis\/wordpress\/wp-content\/uploads\/2021\/08\/DSC04370-scaled.jpg 1707w\" sizes=\"auto, (max-width: 683px) 100vw, 683px\" \/><\/figure>\n\n\n\n<div style=\"height:100px\" aria-hidden=\"true\" class=\"wp-block-spacer\"><\/div>\n\n\n\n<figure class=\"wp-block-image alignfull size-large is-style-rounded\"><img loading=\"lazy\" decoding=\"async\" width=\"1024\" height=\"683\" src=\"https:\/\/grupogea.unex.es\/Brindis\/wordpress\/wp-content\/uploads\/2021\/08\/DSC04465-2-1024x683.jpg\" alt=\"\" class=\"wp-image-200\" srcset=\"https:\/\/grupogea.unex.es\/Brindis\/wordpress\/wp-content\/uploads\/2021\/08\/DSC04465-2-1024x683.jpg 1024w, https:\/\/grupogea.unex.es\/Brindis\/wordpress\/wp-content\/uploads\/2021\/08\/DSC04465-2-300x200.jpg 300w, https:\/\/grupogea.unex.es\/Brindis\/wordpress\/wp-content\/uploads\/2021\/08\/DSC04465-2-768x512.jpg 768w, https:\/\/grupogea.unex.es\/Brindis\/wordpress\/wp-content\/uploads\/2021\/08\/DSC04465-2-1536x1024.jpg 1536w, https:\/\/grupogea.unex.es\/Brindis\/wordpress\/wp-content\/uploads\/2021\/08\/DSC04465-2-2048x1365.jpg 2048w, https:\/\/grupogea.unex.es\/Brindis\/wordpress\/wp-content\/uploads\/2021\/08\/DSC04465-2-1568x1045.jpg 1568w\" sizes=\"auto, (max-width: 1024px) 100vw, 1024px\" \/><\/figure>\n<\/div>\n\n\n\n<div class=\"wp-block-column is-vertically-aligned-center is-layout-flow wp-block-column-is-layout-flow\">\n<div style=\"height:100px\" aria-hidden=\"true\" class=\"wp-block-spacer\"><\/div>\n\n\n\n<figure class=\"wp-block-image size-large alignfull size-full is-style-rounded\"><img loading=\"lazy\" decoding=\"async\" width=\"1024\" height=\"683\" src=\"https:\/\/grupogea.unex.es\/Brindis\/wordpress\/wp-content\/uploads\/2021\/08\/DSC04360-1024x683.jpg\" alt=\"\" class=\"wp-image-40\" srcset=\"https:\/\/grupogea.unex.es\/Brindis\/wordpress\/wp-content\/uploads\/2021\/08\/DSC04360-1024x683.jpg 1024w, https:\/\/grupogea.unex.es\/Brindis\/wordpress\/wp-content\/uploads\/2021\/08\/DSC04360-300x200.jpg 300w, https:\/\/grupogea.unex.es\/Brindis\/wordpress\/wp-content\/uploads\/2021\/08\/DSC04360-768x512.jpg 768w, https:\/\/grupogea.unex.es\/Brindis\/wordpress\/wp-content\/uploads\/2021\/08\/DSC04360-1536x1024.jpg 1536w, https:\/\/grupogea.unex.es\/Brindis\/wordpress\/wp-content\/uploads\/2021\/08\/DSC04360-2048x1365.jpg 2048w, https:\/\/grupogea.unex.es\/Brindis\/wordpress\/wp-content\/uploads\/2021\/08\/DSC04360-1568x1045.jpg 1568w\" sizes=\"auto, (max-width: 1024px) 100vw, 1024px\" \/><\/figure>\n\n\n\n<div style=\"height:100px\" aria-hidden=\"true\" class=\"wp-block-spacer\"><\/div>\n\n\n\n<figure class=\"wp-block-image size-large is-style-rounded\"><img loading=\"lazy\" decoding=\"async\" width=\"683\" height=\"1024\" src=\"https:\/\/grupogea.unex.es\/Brindis\/wordpress\/wp-content\/uploads\/2021\/08\/DSC04435-1-683x1024.jpg\" alt=\"\" class=\"wp-image-199\" srcset=\"https:\/\/grupogea.unex.es\/Brindis\/wordpress\/wp-content\/uploads\/2021\/08\/DSC04435-1-683x1024.jpg 683w, https:\/\/grupogea.unex.es\/Brindis\/wordpress\/wp-content\/uploads\/2021\/08\/DSC04435-1-200x300.jpg 200w, https:\/\/grupogea.unex.es\/Brindis\/wordpress\/wp-content\/uploads\/2021\/08\/DSC04435-1-768x1152.jpg 768w, https:\/\/grupogea.unex.es\/Brindis\/wordpress\/wp-content\/uploads\/2021\/08\/DSC04435-1-1024x1536.jpg 1024w, https:\/\/grupogea.unex.es\/Brindis\/wordpress\/wp-content\/uploads\/2021\/08\/DSC04435-1-1365x2048.jpg 1365w, https:\/\/grupogea.unex.es\/Brindis\/wordpress\/wp-content\/uploads\/2021\/08\/DSC04435-1-1568x2352.jpg 1568w, https:\/\/grupogea.unex.es\/Brindis\/wordpress\/wp-content\/uploads\/2021\/08\/DSC04435-1-scaled.jpg 1707w\" sizes=\"auto, (max-width: 683px) 100vw, 683px\" \/><\/figure>\n<\/div>\n<\/div>\n\n\n\n<div style=\"height:50px\" aria-hidden=\"true\" class=\"wp-block-spacer\"><\/div>\n\n\n\n<div class=\"wp-block-columns alignwide are-vertically-aligned-top is-layout-flex wp-container-core-columns-is-layout-9d6595d7 wp-block-columns-is-layout-flex\">\n<div class=\"wp-block-column is-vertically-aligned-top is-layout-flow wp-block-column-is-layout-flow\"><div class=\"wp-block-image\">\n<figure class=\"aligncenter size-full is-resized\"><img loading=\"lazy\" decoding=\"async\" src=\"https:\/\/grupogea.unex.es\/Brindis\/wordpress\/wp-content\/uploads\/2021\/08\/Un-brindis-por-la-ciencia-logo-final-modified.png\" alt=\"\" class=\"wp-image-103\" style=\"width:112px;height:112px\" width=\"112\" height=\"112\" srcset=\"https:\/\/grupogea.unex.es\/Brindis\/wordpress\/wp-content\/uploads\/2021\/08\/Un-brindis-por-la-ciencia-logo-final-modified.png 463w, https:\/\/grupogea.unex.es\/Brindis\/wordpress\/wp-content\/uploads\/2021\/08\/Un-brindis-por-la-ciencia-logo-final-modified-300x300.png 300w, https:\/\/grupogea.unex.es\/Brindis\/wordpress\/wp-content\/uploads\/2021\/08\/Un-brindis-por-la-ciencia-logo-final-modified-150x150.png 150w\" sizes=\"auto, (max-width: 112px) 100vw, 112px\" \/><\/figure>\n<\/div>\n\n\n<h3 class=\"wp-block-heading has-text-align-center\">Brindis por la Ciencia en tu localidad<\/h3>\n\n\n\n<p class=\"has-text-align-center\">Ciencia, vino y m\u00fasica, un maridaje perfecto para brindar por la sociedad en que vivimos. Esta novedosa actividad lleva a todos los rincones la divulgaci\u00f3n de la ciencia, la cultura del vino, y el mejor jazz en un evento en el que el p\u00fablico toma un papel protagonista.<\/p>\n\n\n\n<p><\/p>\n\n\n\n<p><\/p>\n\n\n\n<p class=\"has-orange-color has-text-color\">Con la colaboraci\u00f3n de:<\/p>\n\n\n\n<figure class=\"wp-block-image size-full\"><img loading=\"lazy\" decoding=\"async\" width=\"400\" height=\"210\" src=\"https:\/\/grupogea.unex.es\/Brindis\/wordpress\/wp-content\/uploads\/2023\/07\/logo-area-reto-demografico-correo.png\" alt=\"\" class=\"wp-image-743\" srcset=\"https:\/\/grupogea.unex.es\/Brindis\/wordpress\/wp-content\/uploads\/2023\/07\/logo-area-reto-demografico-correo.png 400w, https:\/\/grupogea.unex.es\/Brindis\/wordpress\/wp-content\/uploads\/2023\/07\/logo-area-reto-demografico-correo-300x158.png 300w\" sizes=\"auto, (max-width: 400px) 100vw, 400px\" \/><\/figure>\n<\/div>\n\n\n\n<div class=\"wp-block-column is-vertically-aligned-top is-layout-flow wp-block-column-is-layout-flow\"><div class=\"wp-block-image\">\n<figure class=\"aligncenter size-large is-resized\"><img loading=\"lazy\" decoding=\"async\" src=\"https:\/\/grupogea.unex.es\/Brindis\/wordpress\/wp-content\/uploads\/2021\/08\/IMG_20210430_201955-modified-1-1024x1024.png\" alt=\"\" class=\"wp-image-107\" style=\"width:112px;height:112px\" width=\"112\" height=\"112\" srcset=\"https:\/\/grupogea.unex.es\/Brindis\/wordpress\/wp-content\/uploads\/2021\/08\/IMG_20210430_201955-modified-1-1024x1024.png 1024w, https:\/\/grupogea.unex.es\/Brindis\/wordpress\/wp-content\/uploads\/2021\/08\/IMG_20210430_201955-modified-1-300x300.png 300w, https:\/\/grupogea.unex.es\/Brindis\/wordpress\/wp-content\/uploads\/2021\/08\/IMG_20210430_201955-modified-1-150x150.png 150w, https:\/\/grupogea.unex.es\/Brindis\/wordpress\/wp-content\/uploads\/2021\/08\/IMG_20210430_201955-modified-1-768x768.png 768w, https:\/\/grupogea.unex.es\/Brindis\/wordpress\/wp-content\/uploads\/2021\/08\/IMG_20210430_201955-modified-1-1536x1536.png 1536w, https:\/\/grupogea.unex.es\/Brindis\/wordpress\/wp-content\/uploads\/2021\/08\/IMG_20210430_201955-modified-1-2048x2048.png 2048w, https:\/\/grupogea.unex.es\/Brindis\/wordpress\/wp-content\/uploads\/2021\/08\/IMG_20210430_201955-modified-1-1568x1568.png 1568w\" sizes=\"auto, (max-width: 112px) 100vw, 112px\" \/><\/figure>\n<\/div>\n\n\n<h3 class=\"wp-block-heading has-text-align-center\">M\u00fasica, Vino y Ciencia en un solo lugar <\/h3>\n\n\n\n<p class=\"has-text-align-center\">Los asistentes catar\u00e1n vinos de la Denominaci\u00f3n de Origen Ribera del Guadiana acompa\u00f1ados del mejor Jazz Extreme\u00f1o, y servido con an\u00e9cdotas, experimentos y resultados cient\u00edficos del siglo XX y XXI que permitir\u00e1n entender mejor nuestro mundo, y los lazos que unen arte, m\u00fasica, vino, cultura y ciencia.<\/p>\n\n\n\n<p><\/p>\n\n\n\n<p><\/p>\n\n\n\n<p><\/p>\n\n\n\n<figure class=\"wp-block-image size-large is-resized\"><img loading=\"lazy\" decoding=\"async\" src=\"https:\/\/grupogea.unex.es\/Brindis\/wordpress\/wp-content\/uploads\/2023\/07\/logo_diputacion_Monocromo_Rojo_001-1024x829.png\" alt=\"\" class=\"wp-image-745\" style=\"width:259px;height:210px\" width=\"259\" height=\"210\" srcset=\"https:\/\/grupogea.unex.es\/Brindis\/wordpress\/wp-content\/uploads\/2023\/07\/logo_diputacion_Monocromo_Rojo_001-1024x829.png 1024w, https:\/\/grupogea.unex.es\/Brindis\/wordpress\/wp-content\/uploads\/2023\/07\/logo_diputacion_Monocromo_Rojo_001-300x243.png 300w, https:\/\/grupogea.unex.es\/Brindis\/wordpress\/wp-content\/uploads\/2023\/07\/logo_diputacion_Monocromo_Rojo_001-768x622.png 768w, https:\/\/grupogea.unex.es\/Brindis\/wordpress\/wp-content\/uploads\/2023\/07\/logo_diputacion_Monocromo_Rojo_001-1536x1243.png 1536w, https:\/\/grupogea.unex.es\/Brindis\/wordpress\/wp-content\/uploads\/2023\/07\/logo_diputacion_Monocromo_Rojo_001-2048x1657.png 2048w, https:\/\/grupogea.unex.es\/Brindis\/wordpress\/wp-content\/uploads\/2023\/07\/logo_diputacion_Monocromo_Rojo_001-1568x1269.png 1568w\" sizes=\"auto, (max-width: 259px) 100vw, 259px\" \/><\/figure>\n<\/div>\n<\/div>\n","protected":false},"excerpt":{"rendered":"<p>Casa Museo La Pedrilla &#8211; C\u00e1ceres. M\u00fasica interpretada por Big Band ProjEx \u00bfQu\u00e9 es un brindis por la ciencia? \u00bfUn concierto de jazz con una copa de vino? \u00bfUna cata de vinos y cava amenizada con jazz? \u00bfMon\u00f3logos y pruebas-concursos cient\u00edficas con jazz en directo? Todo eso y m\u00e1s: Dos horas con Jazz en Directo,&hellip; <a class=\"more-link\" href=\"https:\/\/grupogea.unex.es\/Brindis\/wordpress\/\">Seguir leyendo <span class=\"screen-reader-text\">UN BRINDIS POR LA CIENCIA<\/span><\/a><\/p>\n","protected":false},"author":1,"featured_media":0,"parent":0,"menu_order":0,"comment_status":"closed","ping_status":"closed","template":"","meta":{"ngg_post_thumbnail":0,"footnotes":""},"class_list":["post-10","page","type-page","status-publish","hentry","entry"],"_links":{"self":[{"href":"https:\/\/grupogea.unex.es\/Brindis\/wordpress\/wp-json\/wp\/v2\/pages\/10","targetHints":{"allow":["GET"]}}],"collection":[{"href":"https:\/\/grupogea.unex.es\/Brindis\/wordpress\/wp-json\/wp\/v2\/pages"}],"about":[{"href":"https:\/\/grupogea.unex.es\/Brindis\/wordpress\/wp-json\/wp\/v2\/types\/page"}],"author":[{"embeddable":true,"href":"https:\/\/grupogea.unex.es\/Brindis\/wordpress\/wp-json\/wp\/v2\/users\/1"}],"replies":[{"embeddable":true,"href":"https:\/\/grupogea.unex.es\/Brindis\/wordpress\/wp-json\/wp\/v2\/comments?post=10"}],"version-history":[{"count":52,"href":"https:\/\/grupogea.unex.es\/Brindis\/wordpress\/wp-json\/wp\/v2\/pages\/10\/revisions"}],"predecessor-version":[{"id":770,"href":"https:\/\/grupogea.unex.es\/Brindis\/wordpress\/wp-json\/wp\/v2\/pages\/10\/revisions\/770"}],"wp:attachment":[{"href":"https:\/\/grupogea.unex.es\/Brindis\/wordpress\/wp-json\/wp\/v2\/media?parent=10"}],"curies":[{"name":"wp","href":"https:\/\/api.w.org\/{rel}","templated":true}]}}